{"id":181,"date":"2024-12-02T14:04:07","date_gmt":"2024-12-02T14:04:07","guid":{"rendered":"https:\/\/uni-que.fr\/?page_id=181"},"modified":"2024-12-17T19:39:30","modified_gmt":"2024-12-17T19:39:30","slug":"about","status":"publish","type":"page","link":"https:\/\/uni-que.fr\/en\/about\/","title":{"rendered":"ABOUT"},"content":{"rendered":"<div data-elementor-type=\"wp-page\" data-elementor-id=\"181\" class=\"elementor elementor-181\" data-elementor-post-type=\"page\">\n\t\t\t\t<div class=\"elementor-element elementor-element-54e6d22 e-flex e-con-boxed wpr-particle-no wpr-jarallax-no wpr-parallax-no wpr-sticky-section-no wpr-column-slider-no wpr-equal-height-no e-con e-parent\" data-id=\"54e6d22\" data-element_type=\"container\" data-e-type=\"container\" data-settings=\"{&quot;jet_parallax_layout_list&quot;:[]}\">\n\t\t\t\t\t<div class=\"e-con-inner\">\n\t\t\t\t<div class=\"elementor-element elementor-element-1c60e2c elementor-widget elementor-widget-heading\" data-id=\"1c60e2c\" data-element_type=\"widget\" data-e-type=\"widget\" data-widget_type=\"heading.default\">\n\t\t\t\t<div class=\"elementor-widget-container\">\n\t\t\t\t\t<h2 class=\"elementor-heading-title elementor-size-default\">Be yourself, everyone else is taken.<\/h2>\t\t\t\t<\/div>\n\t\t\t\t<\/div>\n\t\t\t\t<div class=\"elementor-element elementor-element-191ecc3 elementor-widget-mobile__width-initial elementor-hidden-mobile elementor-widget elementor-widget-text-editor\" data-id=\"191ecc3\" data-element_type=\"widget\" data-e-type=\"widget\" data-widget_type=\"text-editor.default\">\n\t\t\t\t<div class=\"elementor-widget-container\">\n\t\t\t\t\t\t\t\t\t<div class=\"page\" title=\"Page 1\"><div class=\"section\"><div class=\"layoutArea\"><div class=\"column\"><p>Individual ? Company ? Brand? Same battle.<br \/>Uni-que is a strategy and creative agency based in Paris,<br \/>whose aim is to build the unique point and cultural footprint<br \/>for luxury, fashion and beauty brands.<\/p><\/div><\/div><\/div><\/div>\t\t\t\t\t\t\t\t<\/div>\n\t\t\t\t<\/div>\n\t\t\t\t<div class=\"elementor-element elementor-element-c94d203 elementor-widget-mobile__width-initial elementor-hidden-desktop elementor-hidden-tablet elementor-widget elementor-widget-text-editor\" data-id=\"c94d203\" data-element_type=\"widget\" data-e-type=\"widget\" data-widget_type=\"text-editor.default\">\n\t\t\t\t<div class=\"elementor-widget-container\">\n\t\t\t\t\t\t\t\t\t<div class=\"page\" title=\"Page 1\"><div class=\"section\"><div class=\"layoutArea\"><div class=\"column\"><p>Individu ? Soci\u00e9t\u00e9 ? Marque ? M\u00eame combat. Uni-que est une agence de strat\u00e9gie et de cr\u00e9ation bas\u00e9e \u00e0 Paris, dont l\u2019objectif est de construire le point unique et l\u2019empreinte culturelle des marques de luxe, de mode et de beaut\u00e9.<\/p><\/div><\/div><\/div><\/div>\t\t\t\t\t\t\t\t<\/div>\n\t\t\t\t<\/div>\n\t\t\t\t<div class=\"elementor-element elementor-element-df173d3 elementor-widget elementor-widget-heading\" data-id=\"df173d3\" data-element_type=\"widget\" data-e-type=\"widget\" data-widget_type=\"heading.default\">\n\t\t\t\t<div class=\"elementor-widget-container\">\n\t\t\t\t\t<h2 class=\"elementor-heading-title elementor-size-default\">Uni <span>uni-. Prefix, from Latin unus, one. uni adj.<br><\/span>\n-que <span>: -que. From Latin quia , expressing cause.<\/span><\/h2>\t\t\t\t<\/div>\n\t\t\t\t<\/div>\n\t\t\t\t\t<\/div>\n\t\t\t\t<\/div>\n\t\t<div class=\"elementor-element elementor-element-396d598 e-flex e-con-boxed wpr-particle-no wpr-jarallax-no wpr-parallax-no wpr-sticky-section-no wpr-column-slider-no wpr-equal-height-no e-con e-parent\" data-id=\"396d598\" data-element_type=\"container\" data-e-type=\"container\" data-settings=\"{&quot;jet_parallax_layout_list&quot;:[]}\">\n\t\t\t\t\t<div class=\"e-con-inner\">\n\t\t\t\t<div class=\"elementor-element elementor-element-f8e3868 elementor-widget-divider--view-line elementor-widget elementor-widget-divider\" data-id=\"f8e3868\" data-element_type=\"widget\" data-e-type=\"widget\" data-widget_type=\"divider.default\">\n\t\t\t\t<div class=\"elementor-widget-container\">\n\t\t\t\t\t\t\t<div class=\"elementor-divider\">\n\t\t\t<span class=\"elementor-divider-separator\">\n\t\t\t\t\t\t<\/span>\n\t\t<\/div>\n\t\t\t\t\t\t<\/div>\n\t\t\t\t<\/div>\n\t\t\t\t<div class=\"elementor-element elementor-element-e9a8f4d elementor-widget__width-initial elementor-widget elementor-widget-heading\" data-id=\"e9a8f4d\" data-element_type=\"widget\" data-e-type=\"widget\" data-widget_type=\"heading.default\">\n\t\t\t\t<div class=\"elementor-widget-container\">\n\t\t\t\t\t<h2 class=\"elementor-heading-title elementor-size-default\">WHAT DOES IT MEAN TO BE \u201cUNIQUE\u201d FOR A BRAND?<\/h2>\t\t\t\t<\/div>\n\t\t\t\t<\/div>\n\t\t\t\t<div class=\"elementor-element elementor-element-f4a96d3 elementor-widget__width-initial elementor-widget elementor-widget-text-editor\" data-id=\"f4a96d3\" data-element_type=\"widget\" data-e-type=\"widget\" data-widget_type=\"text-editor.default\">\n\t\t\t\t<div class=\"elementor-widget-container\">\n\t\t\t\t\t\t\t\t\t<div class=\"page\" title=\"Page 1\"><div class=\"section\"><div class=\"layoutArea\"><div class=\"column\"><p>To know how to invent or re-invent oneself. To remain unique over time. To be highly agile. Social networks are a gas pedal that you need to know how to tame, and a powerful faci- litator if you master the pedal perfectly. Environmental, societal and economic changes are constantly shaking up our habits, consumption patterns and lifestyles.<\/p><p>From the customer's point of view. If a customer is addicted to a brand, it's because it's unique for him, because he has experienced all its benefits, and is in perfect symbiosis with the brand's DNA, its culture, its imprint, its image. The icing on the cake... If the brand has done its job well, he knows how to tell others about it in just one little sentence, direct benefit = 2 or 3 more customers instantly etc.<\/p><p>Unique to last vs. to last by remaining unique - an absolute must in view of customer expectations, which are evolving and changing ever faster. A unique brand culture needs to be cultivated and nurtured on a daily basis. It's a meticulous process, requiring constant attention to detail, which can be felt in every action and every word spoken. An eco-system in which everything has to be in its place, otherwise the ecosystem is disrupted<\/p><p class=\"translation-block\">In the final analysis, we're very close to our terrestrial and marine ecosystems and their subdivisions. In the end, it's all one, <strong>Uni<\/strong>. Take planet Earth. Why did we develop here? Because we benefit from ecosystems that only we possess.<\/p><p>A brand is a bit like a planet: it must have developed its own Uni-que ecosystem. <strong>Uni-que<\/strong>.<\/p><\/div><\/div><\/div><\/div>\t\t\t\t\t\t\t\t<\/div>\n\t\t\t\t<\/div>\n\t\t\t\t\t<\/div>\n\t\t\t\t<\/div>\n\t\t<div class=\"elementor-element elementor-element-25a6714 e-flex e-con-boxed wpr-particle-no wpr-jarallax-no wpr-parallax-no wpr-sticky-section-no wpr-column-slider-no wpr-equal-height-no e-con e-parent\" data-id=\"25a6714\" data-element_type=\"container\" data-e-type=\"container\" data-settings=\"{&quot;jet_parallax_layout_list&quot;:[]}\">\n\t\t\t\t\t<div class=\"e-con-inner\">\n\t\t\t\t<div class=\"elementor-element elementor-element-42c4a28 elementor-widget-divider--view-line elementor-widget elementor-widget-divider\" data-id=\"42c4a28\" data-element_type=\"widget\" data-e-type=\"widget\" data-widget_type=\"divider.default\">\n\t\t\t\t<div class=\"elementor-widget-container\">\n\t\t\t\t\t\t\t<div class=\"elementor-divider\">\n\t\t\t<span class=\"elementor-divider-separator\">\n\t\t\t\t\t\t<\/span>\n\t\t<\/div>\n\t\t\t\t\t\t<\/div>\n\t\t\t\t<\/div>\n\t\t\t\t<div class=\"elementor-element elementor-element-e51660c elementor-widget__width-initial elementor-widget elementor-widget-heading\" data-id=\"e51660c\" data-element_type=\"widget\" data-e-type=\"widget\" data-widget_type=\"heading.default\">\n\t\t\t\t<div class=\"elementor-widget-container\">\n\t\t\t\t\t<h2 class=\"elementor-heading-title elementor-size-default\">HERE'S OUR ITINERARY, WHICH CAN BE ADJUSTED ACCORDING TO YOUR NEEDS:<\/h2>\t\t\t\t<\/div>\n\t\t\t\t<\/div>\n\t\t\t\t<div class=\"elementor-element elementor-element-44f797a elementor-widget__width-initial elementor-widget elementor-widget-text-editor\" data-id=\"44f797a\" data-element_type=\"widget\" data-e-type=\"widget\" data-widget_type=\"text-editor.default\">\n\t\t\t\t<div class=\"elementor-widget-container\">\n\t\t\t\t\t\t\t\t\t<p>Brand DNA<\/p>\t\t\t\t\t\t\t\t<\/div>\n\t\t\t\t<\/div>\n\t\t\t\t<div class=\"elementor-element elementor-element-fc35327 elementor-widget__width-initial elementor-widget elementor-widget-text-editor\" data-id=\"fc35327\" data-element_type=\"widget\" data-e-type=\"widget\" data-widget_type=\"text-editor.default\">\n\t\t\t\t<div class=\"elementor-widget-container\">\n\t\t\t\t\t\t\t\t\t<p>KNOW-HOW<\/p>\t\t\t\t\t\t\t\t<\/div>\n\t\t\t\t<\/div>\n\t\t\t\t<div class=\"elementor-element elementor-element-20c18de elementor-widget__width-initial elementor-widget elementor-widget-text-editor\" data-id=\"20c18de\" data-element_type=\"widget\" data-e-type=\"widget\" data-widget_type=\"text-editor.default\">\n\t\t\t\t<div class=\"elementor-widget-container\">\n\t\t\t\t\t\t\t\t\t<p>VISION<\/p>\t\t\t\t\t\t\t\t<\/div>\n\t\t\t\t<\/div>\n\t\t\t\t<div class=\"elementor-element elementor-element-f5730d1 elementor-widget__width-initial elementor-widget elementor-widget-text-editor\" data-id=\"f5730d1\" data-element_type=\"widget\" data-e-type=\"widget\" data-widget_type=\"text-editor.default\">\n\t\t\t\t<div class=\"elementor-widget-container\">\n\t\t\t\t\t\t\t\t\t<p>AMBITION<\/p>\t\t\t\t\t\t\t\t<\/div>\n\t\t\t\t<\/div>\n\t\t\t\t<div class=\"elementor-element elementor-element-4c1b94a elementor-widget__width-initial elementor-widget elementor-widget-text-editor\" data-id=\"4c1b94a\" data-element_type=\"widget\" data-e-type=\"widget\" data-widget_type=\"text-editor.default\">\n\t\t\t\t<div class=\"elementor-widget-container\">\n\t\t\t\t\t\t\t\t\t<p>POSITIONING<\/p>\t\t\t\t\t\t\t\t<\/div>\n\t\t\t\t<\/div>\n\t\t\t\t<div class=\"elementor-element elementor-element-cf6be03 elementor-widget__width-initial elementor-widget elementor-widget-text-editor\" data-id=\"cf6be03\" data-element_type=\"widget\" data-e-type=\"widget\" data-widget_type=\"text-editor.default\">\n\t\t\t\t<div class=\"elementor-widget-container\">\n\t\t\t\t\t\t\t\t\t<p>PROMISE<\/p>\t\t\t\t\t\t\t\t<\/div>\n\t\t\t\t<\/div>\n\t\t\t\t<div class=\"elementor-element elementor-element-40d4e9c elementor-widget__width-initial elementor-widget elementor-widget-text-editor\" data-id=\"40d4e9c\" data-element_type=\"widget\" data-e-type=\"widget\" data-widget_type=\"text-editor.default\">\n\t\t\t\t<div class=\"elementor-widget-container\">\n\t\t\t\t\t\t\t\t\t<p>COMMITMENTS<\/p>\t\t\t\t\t\t\t\t<\/div>\n\t\t\t\t<\/div>\n\t\t\t\t<div class=\"elementor-element elementor-element-c3bec2b elementor-widget__width-initial elementor-widget elementor-widget-text-editor\" data-id=\"c3bec2b\" data-element_type=\"widget\" data-e-type=\"widget\" data-widget_type=\"text-editor.default\">\n\t\t\t\t<div class=\"elementor-widget-container\">\n\t\t\t\t\t\t\t\t\t<p>SIGNATURE<\/p>\t\t\t\t\t\t\t\t<\/div>\n\t\t\t\t<\/div>\n\t\t\t\t<div class=\"elementor-element elementor-element-0a0f5e2 elementor-widget__width-initial elementor-widget elementor-widget-text-editor\" data-id=\"0a0f5e2\" data-element_type=\"widget\" data-e-type=\"widget\" data-widget_type=\"text-editor.default\">\n\t\t\t\t<div class=\"elementor-widget-container\">\n\t\t\t\t\t\t\t\t\t<p>BRAND CULTURE<\/p>\t\t\t\t\t\t\t\t<\/div>\n\t\t\t\t<\/div>\n\t\t\t\t<div class=\"elementor-element elementor-element-72ecc36 elementor-widget__width-initial elementor-widget elementor-widget-text-editor\" data-id=\"72ecc36\" data-element_type=\"widget\" data-e-type=\"widget\" data-widget_type=\"text-editor.default\">\n\t\t\t\t<div class=\"elementor-widget-container\">\n\t\t\t\t\t\t\t\t\t<p>MARKETING STRATEGY<\/p>\t\t\t\t\t\t\t\t<\/div>\n\t\t\t\t<\/div>\n\t\t\t\t<div class=\"elementor-element elementor-element-55e3f0b elementor-widget__width-initial elementor-widget elementor-widget-text-editor\" data-id=\"55e3f0b\" data-element_type=\"widget\" data-e-type=\"widget\" data-widget_type=\"text-editor.default\">\n\t\t\t\t<div class=\"elementor-widget-container\">\n\t\t\t\t\t\t\t\t\t<p>LANGUAGE ELEMENTS<\/p>\t\t\t\t\t\t\t\t<\/div>\n\t\t\t\t<\/div>\n\t\t\t\t<div class=\"elementor-element elementor-element-f30cf86 elementor-widget__width-initial elementor-widget elementor-widget-text-editor\" data-id=\"f30cf86\" data-element_type=\"widget\" data-e-type=\"widget\" data-widget_type=\"text-editor.default\">\n\t\t\t\t<div class=\"elementor-widget-container\">\n\t\t\t\t\t\t\t\t\t<p>COM CONCEPT<\/p>\t\t\t\t\t\t\t\t<\/div>\n\t\t\t\t<\/div>\n\t\t\t\t<div class=\"elementor-element elementor-element-20ab247 elementor-widget__width-initial elementor-widget elementor-widget-text-editor\" data-id=\"20ab247\" data-element_type=\"widget\" data-e-type=\"widget\" data-widget_type=\"text-editor.default\">\n\t\t\t\t<div class=\"elementor-widget-container\">\n\t\t\t\t\t\t\t\t\t<p>IMAGE<\/p>\t\t\t\t\t\t\t\t<\/div>\n\t\t\t\t<\/div>\n\t\t\t\t<div class=\"elementor-element elementor-element-4508b9e elementor-widget__width-initial elementor-widget elementor-widget-text-editor\" data-id=\"4508b9e\" data-element_type=\"widget\" data-e-type=\"widget\" data-widget_type=\"text-editor.default\">\n\t\t\t\t<div class=\"elementor-widget-container\">\n\t\t\t\t\t\t\t\t\t<p>SOCIAL MEDIA STRATEGY<\/p>\t\t\t\t\t\t\t\t<\/div>\n\t\t\t\t<\/div>\n\t\t\t\t<div class=\"elementor-element elementor-element-3a24874 elementor-widget__width-initial elementor-widget elementor-widget-text-editor\" data-id=\"3a24874\" data-element_type=\"widget\" data-e-type=\"widget\" data-widget_type=\"text-editor.default\">\n\t\t\t\t<div class=\"elementor-widget-container\">\n\t\t\t\t\t\t\t\t\t<p>Welcome.<\/p>\t\t\t\t\t\t\t\t<\/div>\n\t\t\t\t<\/div>\n\t\t\t\t\t<\/div>\n\t\t\t\t<\/div>\n\t\t<div class=\"elementor-element elementor-element-a423ae6 e-flex e-con-boxed wpr-particle-no wpr-jarallax-no wpr-parallax-no wpr-sticky-section-no wpr-column-slider-no wpr-equal-height-no e-con e-parent\" data-id=\"a423ae6\" data-element_type=\"container\" data-e-type=\"container\" data-settings=\"{&quot;jet_parallax_layout_list&quot;:[]}\">\n\t\t\t\t\t<div class=\"e-con-inner\">\n\t\t\t\t<div class=\"elementor-element elementor-element-f5a2cee elementor-widget elementor-widget-spacer\" data-id=\"f5a2cee\" data-element_type=\"widget\" data-e-type=\"widget\" data-widget_type=\"spacer.default\">\n\t\t\t\t<div class=\"elementor-widget-container\">\n\t\t\t\t\t\t\t<div class=\"elementor-spacer\">\n\t\t\t<div class=\"elementor-spacer-inner\"><\/div>\n\t\t<\/div>\n\t\t\t\t\t\t<\/div>\n\t\t\t\t<\/div>\n\t\t\t\t\t<\/div>\n\t\t\t\t<\/div>\n\t\t\t\t<\/div>","protected":false},"excerpt":{"rendered":"<p>\u00ab\u00a0Soyez vous-m\u00eame, tous les autres sont pris\u00a0\u00bb Individu ? Soci\u00e9t\u00e9 ? Marque ? M\u00eame combat.Uni-que est une agence de strat\u00e9gie et de cr\u00e9ation bas\u00e9e \u00e0 Paris,dont l\u2019objectif est de construire le point unique et l\u2019empreinte culturelledes marques de luxe, de mode et de beaut\u00e9. Individu ? Soci\u00e9t\u00e9 ? Marque ? M\u00eame combat. Uni-que est une agence de strat\u00e9gie et de cr\u00e9ation bas\u00e9e \u00e0 Paris, dont l\u2019objectif est de construire le point unique et l\u2019empreinte culturelle des marques de luxe, de mode et de beaut\u00e9. Uni : uni-. Pr\u00e9fixe, du latin unus, un seul. uni adj. -que : -que. Du latin quia , qui exprime la cause. QUE VEUT DIRE \u00caTRE \u00abUNIQUE\u00bb POUR UNE MARQUE ? Savoir s\u2019inventer ou se re\u0301-inventer. Demeurer unique dans le temps. Se montrer tre\u0300s agile. Les re\u0301seaux sociaux sont un acce\u0301le\u0301rateur qu\u2019il faut savoir dompter et un faci- litateur puissant si on mai\u0302trise lax pe\u0301dale parfaitement. Les changements environnementaux, socie\u0301taux, e\u0301cono- miques, bousculent en permanence nos habitudes, nos modes consommation et notre mode de vie. Du point de vue du client. Si un client est addict a\u0300 une marque, c\u2019est qu\u2019elle est unique pour lui, car il en a sai- sit tous les be\u0301ne\u0301fices, il est en parfaite symbiose avec l\u2019ADN de cette marque, avec sa culture, son empreinte, son image. Grosse cerise sur le ga\u0302teau&#8230; Si la marque a bien fait son travail, il sait la raconter en une seule petite phrase a\u0300 d\u2019autres, be\u0301ne\u0301fice direct = 2 ou 3 clients de plus instantane\u0301ment etc. Unique pour durer vs durer en restant unique et ce, condition absolue au vu des attentes clients qui e\u0301voluent et changent de plus en plus vite. Une culture de marque unique se cultive au quotidien, se nourrit, c\u2019est un travail minutieux, une attention de chaque instant qui se sent dans chaque action, chaque prise de parole. Un e\u0301co- syste\u0300me dans lequel tout doit e\u0302tre a\u0300 sa place, sans cela l\u2019ecosyste\u0300me est perturbe\u0301. On est tre\u0300s proche finalement de nos e\u0301cosystemes de vie, terrestres, marins et leurs subdivisions. Au final tout tient en un, Uni. Prenons la plane\u0300te Terre. Pourquoi nous y sommes nous de\u0301veloppe\u0301 ? Car nous be\u0301ne\u0301ficions d\u2019e\u0301cosyste\u0300mes -que nous sommes les seuls a\u0300 posse\u0301der. Une marque, c\u2019est un peu comme une plane\u0300te, elle doit avoir de\u0301veloppe\u0301 son e\u0301cosyste\u0300me Uni-que. VOICI NOTRE ITIN\u00c9RAIRE DE TRAVAIL AJUSTABLE EN FONCTION DES BESOINS IDENTIFI\u00c9S : ADN de marque Savoir-faire VISION AMBITION POSITIONNEMENT PROMESSE ENGAGEMENTS SIGNATURE CULTURE DE MARQUE STRATEGIE MARKETING ELEMENTS DE LANGAGE CONCEPT DE COM IMAGE STRATEGIE SOCIAL MEDIA Bienvenue.<\/p>","protected":false},"author":1,"featured_media":0,"parent":0,"menu_order":0,"comment_status":"closed","ping_status":"closed","template":"elementor_theme","meta":{"footnotes":""},"class_list":["post-181","page","type-page","status-publish","hentry"],"_links":{"self":[{"href":"https:\/\/uni-que.fr\/en\/wp-json\/wp\/v2\/pages\/181","targetHints":{"allow":["GET"]}}],"collection":[{"href":"https:\/\/uni-que.fr\/en\/wp-json\/wp\/v2\/pages"}],"about":[{"href":"https:\/\/uni-que.fr\/en\/wp-json\/wp\/v2\/types\/page"}],"author":[{"embeddable":true,"href":"https:\/\/uni-que.fr\/en\/wp-json\/wp\/v2\/users\/1"}],"replies":[{"embeddable":true,"href":"https:\/\/uni-que.fr\/en\/wp-json\/wp\/v2\/comments?post=181"}],"version-history":[{"count":85,"href":"https:\/\/uni-que.fr\/en\/wp-json\/wp\/v2\/pages\/181\/revisions"}],"predecessor-version":[{"id":1453,"href":"https:\/\/uni-que.fr\/en\/wp-json\/wp\/v2\/pages\/181\/revisions\/1453"}],"wp:attachment":[{"href":"https:\/\/uni-que.fr\/en\/wp-json\/wp\/v2\/media?parent=181"}],"curies":[{"name":"wp","href":"https:\/\/api.w.org\/{rel}","templated":true}]}}