{"id":1955,"date":"2025-01-07T20:46:05","date_gmt":"2025-01-07T20:46:05","guid":{"rendered":"https:\/\/uni-que.fr\/?page_id=1955"},"modified":"2025-01-07T20:46:52","modified_gmt":"2025-01-07T20:46:52","slug":"politique-des-cookies","status":"publish","type":"page","link":"https:\/\/uni-que.fr\/en\/politique-des-cookies\/","title":{"rendered":"POLITIQUE DES COOKIES"},"content":{"rendered":"<div data-elementor-type=\"wp-page\" data-elementor-id=\"1955\" class=\"elementor elementor-1955\" data-elementor-post-type=\"page\">\n\t\t\t\t<div class=\"elementor-element elementor-element-396d598 e-flex e-con-boxed wpr-particle-no wpr-jarallax-no wpr-parallax-no wpr-sticky-section-no wpr-column-slider-no wpr-equal-height-no e-con e-parent\" data-id=\"396d598\" data-element_type=\"container\" data-e-type=\"container\" data-settings=\"{&quot;jet_parallax_layout_list&quot;:[]}\">\n\t\t\t\t\t<div class=\"e-con-inner\">\n\t\t\t\t<div class=\"elementor-element elementor-element-f8e3868 elementor-widget-divider--view-line elementor-widget elementor-widget-divider\" data-id=\"f8e3868\" data-element_type=\"widget\" data-e-type=\"widget\" data-widget_type=\"divider.default\">\n\t\t\t\t<div class=\"elementor-widget-container\">\n\t\t\t\t\t\t\t<div class=\"elementor-divider\">\n\t\t\t<span class=\"elementor-divider-separator\">\n\t\t\t\t\t\t<\/span>\n\t\t<\/div>\n\t\t\t\t\t\t<\/div>\n\t\t\t\t<\/div>\n\t\t\t\t<div class=\"elementor-element elementor-element-e9a8f4d elementor-widget__width-initial elementor-widget elementor-widget-heading\" data-id=\"e9a8f4d\" data-element_type=\"widget\" data-e-type=\"widget\" data-widget_type=\"heading.default\">\n\t\t\t\t<div class=\"elementor-widget-container\">\n\t\t\t\t\t<h2 class=\"elementor-heading-title elementor-size-default\">POLITIQUE DES COOKIES<\/h2>\t\t\t\t<\/div>\n\t\t\t\t<\/div>\n\t\t\t\t<div class=\"elementor-element elementor-element-f4a96d3 elementor-widget__width-initial elementor-widget elementor-widget-text-editor\" data-id=\"f4a96d3\" data-element_type=\"widget\" data-e-type=\"widget\" data-widget_type=\"text-editor.default\">\n\t\t\t\t<div class=\"elementor-widget-container\">\n\t\t\t\t\t\t\t\t\t<h5><strong>NOTION DE \u00abCOOKIE\u00bb<\/strong><\/h5><p>Un cookie est un petit fichier de stockage et de r\u00e9cup\u00e9ration d&rsquo;informations, g\u00e9n\u00e9ralement constitu\u00e9 de caract\u00e8res alphanum\u00e9riques (cf. de lettres et de chiffres), d\u00e9pos\u00e9 par un serveur web sur l&rsquo;ordinateur ou le terminal \u00e9lectronique de l&rsquo;Utilisateur du Site pour envoyer des informations d\u2019\u00e9tat audit navigateur et obtenir de m\u00eame de telles informations en retour en provenance du navigateur. Les informations d\u2019\u00e9tat peuvent \u00eatre par exemple un identifiant de session, une langue, une date d\u2019expiration, un domaine de r\u00e9ponse, etc.<\/p><p>Les cookies permettent usuellement d&rsquo;obtenir certaines informations sur les habitudes de navigation de l&rsquo;Utilisateur, son ordinateur ou son terminal, afin notamment d\u2019am\u00e9liorer le contenu et le service offert par le site internet consid\u00e9r\u00e9, de conna\u00eetre le trafic dudit site et de faire b\u00e9n\u00e9ficier les internautes de services personnalis\u00e9s.<\/p><p>La notion de cookies telle qu\u2019employ\u00e9e dans la pr\u00e9sente Politique de cookies recouvre tout type de traceurs ou autres technologies similaires, par exemple:<br \/>les cookies HTTP;<br \/>mais \u00e9galement le recours \u00e0 d&rsquo;autres techniques:<br \/>les \u00ablocal shared objects\u00bb (objets locaux partag\u00e9s) appel\u00e9s parfois les \u00abcookies Flash\u00bb;<br \/>le \u00ablocal storage\u00bb (stockage local) mis en \u0153uvre au sein du HTML 5;<br \/>les identifications par calcul d&#8217;empreinte du terminal (\u00abdevice fingerprinting\u00bb);<br \/>les identifiants g\u00e9n\u00e9r\u00e9s par les syst\u00e8mes d&rsquo;exploitation (qu&rsquo;ils soient publicitaires ou non : IDFA, IDFV, Android ID, etc.);<br \/>les identifiants mat\u00e9riels (adresse MAC, num\u00e9ro de s\u00e9rie ou tout autre identifiant d&rsquo;un appareil).<\/p><p>En tout \u00e9tat de cause, les cookies peuvent \u00eatre:<br \/>des cookies de session, qui disparaissent d\u00e8s que l\u2019Utilisateur quitte le navigateur ou le Site;<br \/>des cookies permanents qui demeurent jusqu\u2019\u00e0 expiration de leur dur\u00e9e de vie ou de validit\u00e9, ou jusqu\u2019\u00e0 ce que l\u2019Utilisateur les supprime au moyen des fonctionnalit\u00e9s de son navigateur par exemple ou par l\u2019interm\u00e9diaire du module de gestion des cookies mis \u00e0 disposition sur notre Site.<\/p><h5><strong>TYPOLOGIE DE COOKIES<\/strong><\/h5><p>Il existe deux grandes cat\u00e9gories de cookies, soumises \u00e0 des r\u00e9gimes juridiques diff\u00e9rents.<\/p><p>a) Les cookies strictement n\u00e9cessaires non soumis au consentement de l\u2019Utilisateur<\/p><p>Les cookies strictement n\u00e9cessaires ont pour finalit\u00e9 exclusive de (i) permettre ou de faciliter la communication par voie \u00e9lectronique sur, du ou vers le Site ou (ii) permettre la fourniture d&rsquo;un service de communication en ligne \u00e0 la demande expresse de l&rsquo;Utilisateur du Site.<br \/>Sans eux, l\u2019enregistrement des services et la connexion ne sont pas possibles ou dans un mode d\u00e9grad\u00e9. En effet, si Vous d\u00e9sactivez ces cookies par exemple au moyen des fonctionnalit\u00e9s propos\u00e9es par son navigateur, Vous risquez de ne pas pouvoir acc\u00e9der au Site, et\/ou de ne pas recevoir correctement les contenus et informations disponibles sur le Site et\/ou de ne pas pouvoir b\u00e9n\u00e9ficier de toutes les fonctionnalit\u00e9s du Site.<br \/>Ces cookies sont exempt\u00e9s de la n\u00e9cessit\u00e9, pour la Soci\u00e9t\u00e9, de requ\u00e9rir votre consentement en vue de leur installation. La Soci\u00e9t\u00e9 peut ainsi utiliser de tels cookies indispensables \u00e0 la navigation sur le Site et\/ou strictement n\u00e9cessaires \u00e0 la fourniture de certains services sans solliciter un consentement pr\u00e9alable de Votre part.<\/p><p>b) Les autres cookies soumis par principe au consentement de l\u2019Utilisateur<\/p><p>Les cookies statistiques : ces cookies permettent d&rsquo;\u00e9tablir des statistiques et des volumes de fr\u00e9quentation et d\u2019utilisation des divers \u00e9l\u00e9ments composant notre site et application (rubriques et contenus visit\u00e9s, parcours, temps de visite), nous permettant d\u2019am\u00e9liorer l\u2019int\u00e9r\u00eat et l\u2019ergonomie de Nos services.<\/p><p>Les cookies destin\u00e9s \u00e0 am\u00e9liorer l\u2019interactivit\u00e9 du Site: ces cookies permettent de partager des contenus ou toute publication du site sur des r\u00e9seaux sociaux et sont destin\u00e9s \u00e0 am\u00e9liorer l\u2019interactivit\u00e9 du site. Pour plus d\u2019information, voir notre Politique de Cookies.<\/p><p>L\u2019usage des autres cookies tels que vis\u00e9s au pr\u00e9sent article b) est soumis par principe au consentement pr\u00e9alable de l\u2019Utilisateur, ce dernier pouvant librement (i) soit les accepter en consentant express\u00e9ment \u00e0 leur installation et \u00e0 leur lecture dans son navigateur (\u00e9tant pr\u00e9cis\u00e9 que ce dernier disposera alors de la possibilit\u00e9 de retirer son consentement \u00e0 tout moment dans les conditions et selon les modalit\u00e9s vis\u00e9es \u00e0 l\u2019article 4 ci-dessous), (ii) soit les refuser.<\/p><p>Lorsque Votre consentement pr\u00e9alable est requis (c\u2019est-\u00e0-dire pour tous les cookies autres que strictement n\u00e9cessaires), le d\u00e9lai de validit\u00e9 du consentement au d\u00e9p\u00f4t des cookies est de 6 mois. A l&rsquo;expiration de ce d\u00e9lai, Nous solliciterons de nouveau votre consentement (ou non) \u00e0 l\u2019installation de tels cookies.<br \/>Les informations collect\u00e9es par l&rsquo;interm\u00e9diaire des cookies sont conserv\u00e9es par la Soci\u00e9t\u00e9 pendant une dur\u00e9e de 25 mois maximum, conform\u00e9ment \u00e0 la r\u00e8glementation en vigueur.<\/p>\t\t\t\t\t\t\t\t<\/div>\n\t\t\t\t<\/div>\n\t\t\t\t\t<\/div>\n\t\t\t\t<\/div>\n\t\t<div class=\"elementor-element elementor-element-a423ae6 e-flex e-con-boxed wpr-particle-no wpr-jarallax-no wpr-parallax-no wpr-sticky-section-no wpr-column-slider-no wpr-equal-height-no e-con e-parent\" data-id=\"a423ae6\" data-element_type=\"container\" data-e-type=\"container\" data-settings=\"{&quot;jet_parallax_layout_list&quot;:[]}\">\n\t\t\t\t\t<div class=\"e-con-inner\">\n\t\t\t\t<div class=\"elementor-element elementor-element-f5a2cee elementor-widget elementor-widget-spacer\" data-id=\"f5a2cee\" data-element_type=\"widget\" data-e-type=\"widget\" data-widget_type=\"spacer.default\">\n\t\t\t\t<div class=\"elementor-widget-container\">\n\t\t\t\t\t\t\t<div class=\"elementor-spacer\">\n\t\t\t<div class=\"elementor-spacer-inner\"><\/div>\n\t\t<\/div>\n\t\t\t\t\t\t<\/div>\n\t\t\t\t<\/div>\n\t\t\t\t\t<\/div>\n\t\t\t\t<\/div>\n\t\t\t\t<\/div>","protected":false},"excerpt":{"rendered":"<p>POLITIQUE DES COOKIES NOTION DE \u00abCOOKIE\u00bb Un cookie est un petit fichier de stockage et de r\u00e9cup\u00e9ration d&rsquo;informations, g\u00e9n\u00e9ralement constitu\u00e9 de caract\u00e8res alphanum\u00e9riques (cf. de lettres et de chiffres), d\u00e9pos\u00e9 par un serveur web sur l&rsquo;ordinateur ou le terminal \u00e9lectronique de l&rsquo;Utilisateur du Site pour envoyer des informations d\u2019\u00e9tat audit navigateur et obtenir de m\u00eame de telles informations en retour en provenance du navigateur. Les informations d\u2019\u00e9tat peuvent \u00eatre par exemple un identifiant de session, une langue, une date d\u2019expiration, un domaine de r\u00e9ponse, etc. Les cookies permettent usuellement d&rsquo;obtenir certaines informations sur les habitudes de navigation de l&rsquo;Utilisateur, son ordinateur ou son terminal, afin notamment d\u2019am\u00e9liorer le contenu et le service offert par le site internet consid\u00e9r\u00e9, de conna\u00eetre le trafic dudit site et de faire b\u00e9n\u00e9ficier les internautes de services personnalis\u00e9s. La notion de cookies telle qu\u2019employ\u00e9e dans la pr\u00e9sente Politique de cookies recouvre tout type de traceurs ou autres technologies similaires, par exemple:les cookies HTTP;mais \u00e9galement le recours \u00e0 d&rsquo;autres techniques:les \u00ablocal shared objects\u00bb (objets locaux partag\u00e9s) appel\u00e9s parfois les \u00abcookies Flash\u00bb;le \u00ablocal storage\u00bb (stockage local) mis en \u0153uvre au sein du HTML 5;les identifications par calcul d&#8217;empreinte du terminal (\u00abdevice fingerprinting\u00bb);les identifiants g\u00e9n\u00e9r\u00e9s par les syst\u00e8mes d&rsquo;exploitation (qu&rsquo;ils soient publicitaires ou non : IDFA, IDFV, Android ID, etc.);les identifiants mat\u00e9riels (adresse MAC, num\u00e9ro de s\u00e9rie ou tout autre identifiant d&rsquo;un appareil). En tout \u00e9tat de cause, les cookies peuvent \u00eatre:des cookies de session, qui disparaissent d\u00e8s que l\u2019Utilisateur quitte le navigateur ou le Site;des cookies permanents qui demeurent jusqu\u2019\u00e0 expiration de leur dur\u00e9e de vie ou de validit\u00e9, ou jusqu\u2019\u00e0 ce que l\u2019Utilisateur les supprime au moyen des fonctionnalit\u00e9s de son navigateur par exemple ou par l\u2019interm\u00e9diaire du module de gestion des cookies mis \u00e0 disposition sur notre Site. TYPOLOGIE DE COOKIES Il existe deux grandes cat\u00e9gories de cookies, soumises \u00e0 des r\u00e9gimes juridiques diff\u00e9rents. a) Les cookies strictement n\u00e9cessaires non soumis au consentement de l\u2019Utilisateur Les cookies strictement n\u00e9cessaires ont pour finalit\u00e9 exclusive de (i) permettre ou de faciliter la communication par voie \u00e9lectronique sur, du ou vers le Site ou (ii) permettre la fourniture d&rsquo;un service de communication en ligne \u00e0 la demande expresse de l&rsquo;Utilisateur du Site.Sans eux, l\u2019enregistrement des services et la connexion ne sont pas possibles ou dans un mode d\u00e9grad\u00e9. En effet, si Vous d\u00e9sactivez ces cookies par exemple au moyen des fonctionnalit\u00e9s propos\u00e9es par son navigateur, Vous risquez de ne pas pouvoir acc\u00e9der au Site, et\/ou de ne pas recevoir correctement les contenus et informations disponibles sur le Site et\/ou de ne pas pouvoir b\u00e9n\u00e9ficier de toutes les fonctionnalit\u00e9s du Site.Ces cookies sont exempt\u00e9s de la n\u00e9cessit\u00e9, pour la Soci\u00e9t\u00e9, de requ\u00e9rir votre consentement en vue de leur installation. La Soci\u00e9t\u00e9 peut ainsi utiliser de tels cookies indispensables \u00e0 la navigation sur le Site et\/ou strictement n\u00e9cessaires \u00e0 la fourniture de certains services sans solliciter un consentement pr\u00e9alable de Votre part. b) Les autres cookies soumis par principe au consentement de l\u2019Utilisateur Les cookies statistiques : ces cookies permettent d&rsquo;\u00e9tablir des statistiques et des volumes de fr\u00e9quentation et d\u2019utilisation des divers \u00e9l\u00e9ments composant notre site et application (rubriques et contenus visit\u00e9s, parcours, temps de visite), nous permettant d\u2019am\u00e9liorer l\u2019int\u00e9r\u00eat et l\u2019ergonomie de Nos services. Les cookies destin\u00e9s \u00e0 am\u00e9liorer l\u2019interactivit\u00e9 du Site: ces cookies permettent de partager des contenus ou toute publication du site sur des r\u00e9seaux sociaux et sont destin\u00e9s \u00e0 am\u00e9liorer l\u2019interactivit\u00e9 du site. Pour plus d\u2019information, voir notre Politique de Cookies. L\u2019usage des autres cookies tels que vis\u00e9s au pr\u00e9sent article b) est soumis par principe au consentement pr\u00e9alable de l\u2019Utilisateur, ce dernier pouvant librement (i) soit les accepter en consentant express\u00e9ment \u00e0 leur installation et \u00e0 leur lecture dans son navigateur (\u00e9tant pr\u00e9cis\u00e9 que ce dernier disposera alors de la possibilit\u00e9 de retirer son consentement \u00e0 tout moment dans les conditions et selon les modalit\u00e9s vis\u00e9es \u00e0 l\u2019article 4 ci-dessous), (ii) soit les refuser. Lorsque Votre consentement pr\u00e9alable est requis (c\u2019est-\u00e0-dire pour tous les cookies autres que strictement n\u00e9cessaires), le d\u00e9lai de validit\u00e9 du consentement au d\u00e9p\u00f4t des cookies est de 6 mois. A l&rsquo;expiration de ce d\u00e9lai, Nous solliciterons de nouveau votre consentement (ou non) \u00e0 l\u2019installation de tels cookies.Les informations collect\u00e9es par l&rsquo;interm\u00e9diaire des cookies sont conserv\u00e9es par la Soci\u00e9t\u00e9 pendant une dur\u00e9e de 25 mois maximum, conform\u00e9ment \u00e0 la r\u00e8glementation en vigueur.<\/p>","protected":false},"author":1,"featured_media":0,"parent":0,"menu_order":0,"comment_status":"closed","ping_status":"closed","template":"elementor_theme","meta":{"footnotes":""},"class_list":["post-1955","page","type-page","status-publish","hentry"],"_links":{"self":[{"href":"https:\/\/uni-que.fr\/en\/wp-json\/wp\/v2\/pages\/1955","targetHints":{"allow":["GET"]}}],"collection":[{"href":"https:\/\/uni-que.fr\/en\/wp-json\/wp\/v2\/pages"}],"about":[{"href":"https:\/\/uni-que.fr\/en\/wp-json\/wp\/v2\/types\/page"}],"author":[{"embeddable":true,"href":"https:\/\/uni-que.fr\/en\/wp-json\/wp\/v2\/users\/1"}],"replies":[{"embeddable":true,"href":"https:\/\/uni-que.fr\/en\/wp-json\/wp\/v2\/comments?post=1955"}],"version-history":[{"count":4,"href":"https:\/\/uni-que.fr\/en\/wp-json\/wp\/v2\/pages\/1955\/revisions"}],"predecessor-version":[{"id":1959,"href":"https:\/\/uni-que.fr\/en\/wp-json\/wp\/v2\/pages\/1955\/revisions\/1959"}],"wp:attachment":[{"href":"https:\/\/uni-que.fr\/en\/wp-json\/wp\/v2\/media?parent=1955"}],"curies":[{"name":"wp","href":"https:\/\/api.w.org\/{rel}","templated":true}]}}