{"id":1960,"date":"2025-01-07T20:52:35","date_gmt":"2025-01-07T20:52:35","guid":{"rendered":"https:\/\/uni-que.fr\/?page_id=1960"},"modified":"2025-01-07T20:53:30","modified_gmt":"2025-01-07T20:53:30","slug":"parametres-des-cookies","status":"publish","type":"page","link":"https:\/\/uni-que.fr\/en\/parametres-des-cookies\/","title":{"rendered":"PARAMETRES DES COOKIES"},"content":{"rendered":"<div data-elementor-type=\"wp-page\" data-elementor-id=\"1960\" class=\"elementor elementor-1960\" data-elementor-post-type=\"page\">\n\t\t\t\t<div class=\"elementor-element elementor-element-396d598 e-flex e-con-boxed wpr-particle-no wpr-jarallax-no wpr-parallax-no wpr-sticky-section-no wpr-column-slider-no wpr-equal-height-no e-con e-parent\" data-id=\"396d598\" data-element_type=\"container\" data-e-type=\"container\" data-settings=\"{&quot;jet_parallax_layout_list&quot;:[]}\">\n\t\t\t\t\t<div class=\"e-con-inner\">\n\t\t\t\t<div class=\"elementor-element elementor-element-f8e3868 elementor-widget-divider--view-line elementor-widget elementor-widget-divider\" data-id=\"f8e3868\" data-element_type=\"widget\" data-e-type=\"widget\" data-widget_type=\"divider.default\">\n\t\t\t\t<div class=\"elementor-widget-container\">\n\t\t\t\t\t\t\t<div class=\"elementor-divider\">\n\t\t\t<span class=\"elementor-divider-separator\">\n\t\t\t\t\t\t<\/span>\n\t\t<\/div>\n\t\t\t\t\t\t<\/div>\n\t\t\t\t<\/div>\n\t\t\t\t<div class=\"elementor-element elementor-element-e9a8f4d elementor-widget__width-initial elementor-widget elementor-widget-heading\" data-id=\"e9a8f4d\" data-element_type=\"widget\" data-e-type=\"widget\" data-widget_type=\"heading.default\">\n\t\t\t\t<div class=\"elementor-widget-container\">\n\t\t\t\t\t<h2 class=\"elementor-heading-title elementor-size-default\">PARAM\u00e8TRES DES COOKIES<\/h2>\t\t\t\t<\/div>\n\t\t\t\t<\/div>\n\t\t\t\t<div class=\"elementor-element elementor-element-f4a96d3 elementor-widget__width-initial elementor-widget elementor-widget-text-editor\" data-id=\"f4a96d3\" data-element_type=\"widget\" data-e-type=\"widget\" data-widget_type=\"text-editor.default\">\n\t\t\t\t<div class=\"elementor-widget-container\">\n\t\t\t\t\t\t\t\t\t<p>Lors de Votre premi\u00e8re visite sur notre Site ou si Vous n\u2019avez pas fait de choix concernant la gestion des cookies lors de ses pr\u00e9c\u00e9dentes visites sur notre Site, Votre consentement au d\u00e9p\u00f4t et \u00e0 la lecture par les cookies de vos donn\u00e9es sera demand\u00e9 par le biais d\u2019une banni\u00e8re d\u2019information qui s\u2019affichera de mani\u00e8re visible sur la page consult\u00e9e. Aussi, lors de la premi\u00e8re visite de l\u2019Utilisateur sur le Site, il lui est demand\u00e9 s\u2019il accepte les cookies qui n\u00e9cessitent d\u2019obtenir son consentement, class\u00e9s en diff\u00e9rentes cat\u00e9gories selon la finalit\u00e9 poursuivie, avant de les installer sur son ordinateur ou terminal. Les cookies soumis \u00e0 un tel consentement ne sont d\u00e9pos\u00e9s que si l\u2019Utilisateur les accepte express\u00e9ment via les sliders d\u00e9di\u00e9e(s) \u00e0 chacune des cat\u00e9gories de cookies concern\u00e9s au sein de notre module de gestion des cookies (cf. module ayant vocation \u00e0 permettre \u00e0 l\u2019Utilisateur de consentir \u00e0 l\u2019utilisation de cookies ou de refuser une telle utilisation, selon les finalit\u00e9s poursuivies par lesdits cookies). Cette banni\u00e8re pr\u00e9sentera de mani\u00e8re simple et claire l\u2019ensemble des finalit\u00e9s des cookies ainsi que les responsables de traitement (qui pourront le cas \u00e9ch\u00e9ant \u00eatre pr\u00e9sent\u00e9s par cat\u00e9gorie). Description de la barre de gestion des Cookies : La barre de gestion des Cookies s\u2019affiche lors de la premi\u00e8re connexion de l\u2019Utilisateur \u00e0 notre Site ou si ce dernier n\u2019a pas fait de choix concernant la gestion des cookies lors de ses pr\u00e9c\u00e9dentes visites sur notre Site; Dans les hypoth\u00e8ses o\u00f9 Votre consentement est requis, un tel consentement est strictement optionnel, et Vous pouvez tout \u00e0 fait refuser de nous le donner. Si vous donnez Votre consentement \u00e0 l\u2019installation et \u00e0 la lecture de ces cookies, Vous disposez de la possibilit\u00e9 de retirer Votre consentement \u00e0 tout moment au moyen du Module de gestion des cookies. Grace aux boutons (Autoriser tous les cookies, Refuser tous les cookies)<\/p><p>\u00a0<\/p><h5><strong>Alternative \u2013 le param\u00e9trage de gestion des Cookies via les navigateurs<\/strong><\/h5><p><br \/>Chaque navigateur internet propose des modalit\u00e9s de configuration diff\u00e9rentes pour g\u00e9rer les cookies.<\/p><p>A titre d\u2019exemples:<br \/>Pour plus d&rsquo;informations sur le navigateur Google Chrome: <a href=\"https:\/\/support.google.com\/chrome\/answer\/95647?hl=fr&amp;hlrm=en\">https:\/\/support.google.com\/chrome\/answer\/95647?hl=fr&amp;hlrm=en<\/a>;<br \/>Pour plus d&rsquo;informations sur le navigateur Firefox: <a href=\"https:\/\/support.mozilla.org\/fr\/kb\/autoriser-bloquer-cookies-preferences-sites?redirectlocale=fr&amp;redirectslug=activer-desactiver-cookies-preferences%20ethttps:\/\/support.mozilla.org\/fr\/kb\/desactiver-cookies-tiers\">https:\/\/support.mozilla.org\/fr\/kb\/autoriser-bloquer-cookies-preferences-sites?redirectlocale=fr&amp;redirectslug=activer-desactiver-cookies-preferences ethttps:\/\/support.mozilla.org\/fr\/kb\/desactiver-cookies-tiers<\/a>;<br \/>Pour plus d&rsquo;informations sur le navigateur Internet Explorer: <a href=\"https:\/\/support.microsoft.com\/fr-fr\/help\/17442\/windows-internet-explorer-delete-manage-cookies\">https:\/\/support.microsoft.com\/fr-fr\/help\/17442\/windows-internet-explorer-delete-manage-cookies<\/a>;<br \/>Pour plus d&rsquo;informations sur le navigateur Safari: <a href=\"https:\/\/www.apple.com\/legal\/privacy\/fr-ww\/cookies\/\">https:\/\/www.apple.com\/legal\/privacy\/fr-ww\/cookies\/<\/a> et <a href=\"https:\/\/www.apple.com\/legal\/privacy\/fr-ww\/\">https:\/\/www.apple.com\/legal\/privacy\/fr-ww\/<\/a>;<br \/>Pour plus d\u2019informations sur le navigateur Edge: <a href=\"https:\/\/support.microsoft.com\/fr-fr\/help\/4468242\/microsoft-edge-browsing-data-and-privacy-microsoft-privacy\">https:\/\/support.microsoft.com\/fr-fr\/help\/4468242\/microsoft-edge-browsing-data-and-privacy-microsoft-privacy<\/a>;<br \/>pour Opera\u2122 : <a href=\"https:\/\/help.opera.com\/en\/latest\/security-and-privacy\/\">https:\/\/help.opera.com\/en\/latest\/security-and-privacy\/<\/a> et <a href=\"https:\/\/help.opera.com\/en\/latest\/web-preferences\/#cookies\">https:\/\/help.opera.com\/en\/latest\/web-preferences\/#cookies<\/a>.<br \/>N\u00e9anmoins nous attirons votre attention sur le fait qu\u2019en l\u2019\u00e9tat de la technique, les navigateurs :<br \/>ne permettent pas tous de distinguer les cookies en fonction de leurs finalit\u00e9s (ce dont il r\u00e9sulte que vous \u00eates souvent contraint dans le cadre de la configuration de vos choix de \u00abtout accepter\u00bb ou \u00abtout refuser\u00bb) ;<br \/>ne permettent pas tous \u00e0 l\u2019Utilisateur d\u2019exprimer la manifestation d\u2019un consentement valide (ce dont il r\u00e9sulte que malgr\u00e9 votre \u00e9ventuel consentement aux cookies via votre navigateur, nous vous redemanderons un consentement sp\u00e9cifique dans les conditions et selon les modalit\u00e9s pr\u00e9cit\u00e9es avant toute installation \/ lecture par nos soins de cookies soumis \u00e0 votre consentement); ne permettent pas tous d&rsquo;exprimer un choix sur d&rsquo;autres technologies que les \u00abcookies \u00e0 des fins de suivi de la navigation\u00bb au sens strict du terme. Aussi, il est possible que certains cookies, traceurs ou autres technologies similaires ne soient pas bloqu\u00e9s par principe (ex: device fingerprinting) et puissent tout de m\u00eame s\u2019installer et\/ou \u00eatre activ\u00e9 malgr\u00e9 votre refus exprim\u00e9 dans le cadre du param\u00e9trage de votre navigateur.<\/p><p>Toutefois, si vous d\u00e9cidez de refuser des cookies, nous ne saurons \u00eatre tenu pour responsable en cas de fonctionnement d\u00e9grad\u00e9 du Site li\u00e9 aux param\u00e9trages que vous aurez choisis.<\/p><p>Enfin, si vous avez d\u00e9sactiv\u00e9 un ou plusieurs cookies, nous pouvons toujours utiliser les informations collect\u00e9es par ces cookies avant leur d\u00e9sactivation. N\u00e9anmoins, nous cessons de collecter des donn\u00e9es par l&rsquo;interm\u00e9diaire du cookie refus\u00e9.<\/p><p>Utilisation d\u2019outils tiers disponibles en ligne<br \/>Vous pouvez obtenir des informations sur la mani\u00e8re de ma\u00eetriser vos donn\u00e9es lors de la navigation sur internet sur le site de la Commission Nationale de l&rsquo;Informatique et des Libert\u00e9s ou \u00abCNIL\u00bb (<a href=\"https:\/\/www.cnil.fr\/fr\/maitriser-mes-donnees\">https:\/\/www.cnil.fr\/fr\/maitriser-mes-donnees<\/a>, en particulier <a href=\"https:\/\/www.cnil.fr\/fr\/cookies-les-outils-pour-les-maitriser\">https:\/\/www.cnil.fr\/fr\/cookies-les-outils-pour-les-maitriser<\/a>). A ce sujet, les cookies tiers ne sont habituellement pas n\u00e9cessaires pour profiter des ressources disponibles sur Internet. Si vous souhaitez limiter vos traces, il est recommand\u00e9 de les refuser par d\u00e9faut, en vous r\u00e9f\u00e9rant aux conseils de la CNIL.<\/p>\t\t\t\t\t\t\t\t<\/div>\n\t\t\t\t<\/div>\n\t\t\t\t\t<\/div>\n\t\t\t\t<\/div>\n\t\t<div class=\"elementor-element elementor-element-a423ae6 e-flex e-con-boxed wpr-particle-no wpr-jarallax-no wpr-parallax-no wpr-sticky-section-no wpr-column-slider-no wpr-equal-height-no e-con e-parent\" data-id=\"a423ae6\" data-element_type=\"container\" data-e-type=\"container\" data-settings=\"{&quot;jet_parallax_layout_list&quot;:[]}\">\n\t\t\t\t\t<div class=\"e-con-inner\">\n\t\t\t\t<div class=\"elementor-element elementor-element-f5a2cee elementor-widget elementor-widget-spacer\" data-id=\"f5a2cee\" data-element_type=\"widget\" data-e-type=\"widget\" data-widget_type=\"spacer.default\">\n\t\t\t\t<div class=\"elementor-widget-container\">\n\t\t\t\t\t\t\t<div class=\"elementor-spacer\">\n\t\t\t<div class=\"elementor-spacer-inner\"><\/div>\n\t\t<\/div>\n\t\t\t\t\t\t<\/div>\n\t\t\t\t<\/div>\n\t\t\t\t\t<\/div>\n\t\t\t\t<\/div>\n\t\t\t\t<\/div>","protected":false},"excerpt":{"rendered":"<p>PARAM\u00e8TRES DES COOKIES Lors de Votre premi\u00e8re visite sur notre Site ou si Vous n\u2019avez pas fait de choix concernant la gestion des cookies lors de ses pr\u00e9c\u00e9dentes visites sur notre Site, Votre consentement au d\u00e9p\u00f4t et \u00e0 la lecture par les cookies de vos donn\u00e9es sera demand\u00e9 par le biais d\u2019une banni\u00e8re d\u2019information qui s\u2019affichera de mani\u00e8re visible sur la page consult\u00e9e. Aussi, lors de la premi\u00e8re visite de l\u2019Utilisateur sur le Site, il lui est demand\u00e9 s\u2019il accepte les cookies qui n\u00e9cessitent d\u2019obtenir son consentement, class\u00e9s en diff\u00e9rentes cat\u00e9gories selon la finalit\u00e9 poursuivie, avant de les installer sur son ordinateur ou terminal. Les cookies soumis \u00e0 un tel consentement ne sont d\u00e9pos\u00e9s que si l\u2019Utilisateur les accepte express\u00e9ment via les sliders d\u00e9di\u00e9e(s) \u00e0 chacune des cat\u00e9gories de cookies concern\u00e9s au sein de notre module de gestion des cookies (cf. module ayant vocation \u00e0 permettre \u00e0 l\u2019Utilisateur de consentir \u00e0 l\u2019utilisation de cookies ou de refuser une telle utilisation, selon les finalit\u00e9s poursuivies par lesdits cookies). Cette banni\u00e8re pr\u00e9sentera de mani\u00e8re simple et claire l\u2019ensemble des finalit\u00e9s des cookies ainsi que les responsables de traitement (qui pourront le cas \u00e9ch\u00e9ant \u00eatre pr\u00e9sent\u00e9s par cat\u00e9gorie). Description de la barre de gestion des Cookies : La barre de gestion des Cookies s\u2019affiche lors de la premi\u00e8re connexion de l\u2019Utilisateur \u00e0 notre Site ou si ce dernier n\u2019a pas fait de choix concernant la gestion des cookies lors de ses pr\u00e9c\u00e9dentes visites sur notre Site; Dans les hypoth\u00e8ses o\u00f9 Votre consentement est requis, un tel consentement est strictement optionnel, et Vous pouvez tout \u00e0 fait refuser de nous le donner. Si vous donnez Votre consentement \u00e0 l\u2019installation et \u00e0 la lecture de ces cookies, Vous disposez de la possibilit\u00e9 de retirer Votre consentement \u00e0 tout moment au moyen du Module de gestion des cookies. Grace aux boutons (Autoriser tous les cookies, Refuser tous les cookies) \u00a0 Alternative \u2013 le param\u00e9trage de gestion des Cookies via les navigateurs Chaque navigateur internet propose des modalit\u00e9s de configuration diff\u00e9rentes pour g\u00e9rer les cookies. A titre d\u2019exemples:Pour plus d&rsquo;informations sur le navigateur Google Chrome: https:\/\/support.google.com\/chrome\/answer\/95647?hl=fr&amp;hlrm=en;Pour plus d&rsquo;informations sur le navigateur Firefox: https:\/\/support.mozilla.org\/fr\/kb\/autoriser-bloquer-cookies-preferences-sites?redirectlocale=fr&amp;redirectslug=activer-desactiver-cookies-preferences ethttps:\/\/support.mozilla.org\/fr\/kb\/desactiver-cookies-tiers;Pour plus d&rsquo;informations sur le navigateur Internet Explorer: https:\/\/support.microsoft.com\/fr-fr\/help\/17442\/windows-internet-explorer-delete-manage-cookies;Pour plus d&rsquo;informations sur le navigateur Safari: https:\/\/www.apple.com\/legal\/privacy\/fr-ww\/cookies\/ et https:\/\/www.apple.com\/legal\/privacy\/fr-ww\/;Pour plus d\u2019informations sur le navigateur Edge: https:\/\/support.microsoft.com\/fr-fr\/help\/4468242\/microsoft-edge-browsing-data-and-privacy-microsoft-privacy;pour Opera\u2122 : https:\/\/help.opera.com\/en\/latest\/security-and-privacy\/ et https:\/\/help.opera.com\/en\/latest\/web-preferences\/#cookies.N\u00e9anmoins nous attirons votre attention sur le fait qu\u2019en l\u2019\u00e9tat de la technique, les navigateurs :ne permettent pas tous de distinguer les cookies en fonction de leurs finalit\u00e9s (ce dont il r\u00e9sulte que vous \u00eates souvent contraint dans le cadre de la configuration de vos choix de \u00abtout accepter\u00bb ou \u00abtout refuser\u00bb) ;ne permettent pas tous \u00e0 l\u2019Utilisateur d\u2019exprimer la manifestation d\u2019un consentement valide (ce dont il r\u00e9sulte que malgr\u00e9 votre \u00e9ventuel consentement aux cookies via votre navigateur, nous vous redemanderons un consentement sp\u00e9cifique dans les conditions et selon les modalit\u00e9s pr\u00e9cit\u00e9es avant toute installation \/ lecture par nos soins de cookies soumis \u00e0 votre consentement); ne permettent pas tous d&rsquo;exprimer un choix sur d&rsquo;autres technologies que les \u00abcookies \u00e0 des fins de suivi de la navigation\u00bb au sens strict du terme. Aussi, il est possible que certains cookies, traceurs ou autres technologies similaires ne soient pas bloqu\u00e9s par principe (ex: device fingerprinting) et puissent tout de m\u00eame s\u2019installer et\/ou \u00eatre activ\u00e9 malgr\u00e9 votre refus exprim\u00e9 dans le cadre du param\u00e9trage de votre navigateur. Toutefois, si vous d\u00e9cidez de refuser des cookies, nous ne saurons \u00eatre tenu pour responsable en cas de fonctionnement d\u00e9grad\u00e9 du Site li\u00e9 aux param\u00e9trages que vous aurez choisis. Enfin, si vous avez d\u00e9sactiv\u00e9 un ou plusieurs cookies, nous pouvons toujours utiliser les informations collect\u00e9es par ces cookies avant leur d\u00e9sactivation. N\u00e9anmoins, nous cessons de collecter des donn\u00e9es par l&rsquo;interm\u00e9diaire du cookie refus\u00e9. Utilisation d\u2019outils tiers disponibles en ligneVous pouvez obtenir des informations sur la mani\u00e8re de ma\u00eetriser vos donn\u00e9es lors de la navigation sur internet sur le site de la Commission Nationale de l&rsquo;Informatique et des Libert\u00e9s ou \u00abCNIL\u00bb (https:\/\/www.cnil.fr\/fr\/maitriser-mes-donnees, en particulier https:\/\/www.cnil.fr\/fr\/cookies-les-outils-pour-les-maitriser). A ce sujet, les cookies tiers ne sont habituellement pas n\u00e9cessaires pour profiter des ressources disponibles sur Internet. Si vous souhaitez limiter vos traces, il est recommand\u00e9 de les refuser par d\u00e9faut, en vous r\u00e9f\u00e9rant aux conseils de la CNIL.<\/p>","protected":false},"author":1,"featured_media":0,"parent":0,"menu_order":0,"comment_status":"closed","ping_status":"closed","template":"elementor_theme","meta":{"footnotes":""},"class_list":["post-1960","page","type-page","status-publish","hentry"],"_links":{"self":[{"href":"https:\/\/uni-que.fr\/en\/wp-json\/wp\/v2\/pages\/1960","targetHints":{"allow":["GET"]}}],"collection":[{"href":"https:\/\/uni-que.fr\/en\/wp-json\/wp\/v2\/pages"}],"about":[{"href":"https:\/\/uni-que.fr\/en\/wp-json\/wp\/v2\/types\/page"}],"author":[{"embeddable":true,"href":"https:\/\/uni-que.fr\/en\/wp-json\/wp\/v2\/users\/1"}],"replies":[{"embeddable":true,"href":"https:\/\/uni-que.fr\/en\/wp-json\/wp\/v2\/comments?post=1960"}],"version-history":[{"count":4,"href":"https:\/\/uni-que.fr\/en\/wp-json\/wp\/v2\/pages\/1960\/revisions"}],"predecessor-version":[{"id":1964,"href":"https:\/\/uni-que.fr\/en\/wp-json\/wp\/v2\/pages\/1960\/revisions\/1964"}],"wp:attachment":[{"href":"https:\/\/uni-que.fr\/en\/wp-json\/wp\/v2\/media?parent=1960"}],"curies":[{"name":"wp","href":"https:\/\/api.w.org\/{rel}","templated":true}]}}